{"id":412,"date":"2026-04-13T16:02:53","date_gmt":"2026-04-13T16:02:53","guid":{"rendered":"https:\/\/fest.gimm.pt\/?page_id=412"},"modified":"2026-04-15T15:38:59","modified_gmt":"2026-04-15T15:38:59","slug":"media-2","status":"publish","type":"page","link":"https:\/\/fest.gimm.pt\/pt-pt\/media-2\/","title":{"rendered":"Media"},"content":{"rendered":"<div style=\"position: relative;\" id=\"\" class=\"alignfull\">\n\n\t\n\t\n\t<div style=\"background-color: #eaeaea;\" class=\"wrapper_section  \">\n\n\t\t<section >\n\t\t\t<div class=\"container\">\n\n\n\t\t\t\t\n\t\t\t\t\t<div class=\"row\">\n\t\t\t\t\t\t<div class=\"col-md-6 pt-2 pb-2 d-flex justify-content-start\">\n\t\t\t\t\t\t\t<h2 class=\"gimm_title mt-4 mb-4 wow fadeInLeft\"\n\t\t\t\t\t\t\t\tstyle=\"visibility: visible; animation-name: fadeInLeft;\">\n\t\t\t\t\t\t\t\tBolsa de Imprensa &#8211; Candidaturas \t\t\t\t\t\t\t<\/h2>\n\t\t\t\t\t\t<\/div>\n\t\t\t\t\t\t<div class=\"col-md-6 pt-2 pb-2 d-flex justify-content-end\">\n\n\t\t\t\t\t\t<\/div>\n\t\t\t\t\t<\/div>\n\t\t\t\t\t\t\t\t<div class=\"acf-innerblocks-container\">\n<div style=\"position: relative;\" id=\"\" >\n\n\n\t\n\t<div>\n\n\t\t<div class=\"row\">\n<!-- <div style=\"position: relative;\" id=\"\" > -->\n\n\n\n<div class=\"col mt-6\">\n\t<div class=\"acf-innerblocks-container\">\n\n<p>Temos o prazer de anunciar a <strong>Bolsa de Imprensa GIMM Fest<\/strong>, que apoiar\u00e1 at\u00e9 cinco jornalistas internacionais para assistirem ao GIMM Fest 2026.<\/p>\n\n\n\n<p>Cada bolsa cobre as despesas da viagem e alojamento para permitir que os jornalistas selecionados assistam ao programa completo. Os jornalistas ter\u00e3o a oportunidade de intergir diretamente com investigadores reconhecidos internacionalmente, e vozes de destaque que moldam o futuro da investiga\u00e7\u00e3o e inova\u00e7\u00e3o biom\u00e9dicas. <\/p>\n\n\n\n<div style=\"height:30px\" aria-hidden=\"true\" class=\"wp-block-spacer\"><\/div>\n\n\n\n<hr class=\"wp-block-separator has-text-color has-luminous-vivid-orange-color has-alpha-channel-opacity has-luminous-vivid-orange-background-color has-background\"\/>\n\n\n\n<div style=\"height:30px\" aria-hidden=\"true\" class=\"wp-block-spacer\"><\/div>\n\n\n\n<h3 class=\"wp-block-heading\"><strong>Como candidatar-se<\/strong><\/h3>\n\n\n\n<p>Os candidatos devem submeter:<\/p>\n\n\n\n<ul>\n<li>Uma breve carta de motiva\u00e7\u00e3o (m\u00e1ximo 1 p\u00e1gina) que descreva o seu interesse em participar no GIMM Fest e os objetivos que espera atingir;<\/li>\n\n\n\n<li>Dois a tr\u00eas exemplos do seu trabalho mais recente em jornalismo cient\u00edfico ou de sa\u00fade.<\/li>\n<\/ul>\n\n\n\n<div style=\"height:30px\" aria-hidden=\"true\" class=\"wp-block-spacer\"><\/div>\n\n\n\n<p><strong>Prazo para candidaturas:<\/strong> 14 Maio 2026<br><strong>Candidatos selecionados ser\u00e3o notificados at\u00e9:<\/strong> 28 Maio 2026<\/p>\n\n\n\n<div style=\"height:30px\" aria-hidden=\"true\" class=\"wp-block-spacer\"><\/div>\n\n\n\n<p>As candidaturas ser\u00e3o avaliadas pela comiss\u00e3o organizadora do GIMM Fest, com base na relev\u00e2ncia de trabalho jornal\u00edstico anterior, assim como no interesse e motiva\u00e7\u00e3o demonstrados na candidatura.<\/p>\n\n\n\n<p>Por favor, envie a sua candidatura para: gimmfest@gimm.pt, com <strong>Bolsa de Imprensa<\/strong> no assunto.<\/p>\n\n<\/div>\n<\/div>\n<!-- <\/div> -->\n<\/div>\n\n\t<\/div>\n<\/div>\n<\/div>\n\t\t\t<\/div>\n\t\t<\/section>\n\t<\/div>\n\n<\/div>","protected":false},"excerpt":{"rendered":"","protected":false},"author":1004,"featured_media":163,"parent":0,"menu_order":0,"comment_status":"closed","ping_status":"closed","template":"","meta":{"_acf_changed":false,"footnotes":""},"acf":[],"_links":{"self":[{"href":"https:\/\/fest.gimm.pt\/pt-pt\/wp-json\/wp\/v2\/pages\/412"}],"collection":[{"href":"https:\/\/fest.gimm.pt\/pt-pt\/wp-json\/wp\/v2\/pages"}],"about":[{"href":"https:\/\/fest.gimm.pt\/pt-pt\/wp-json\/wp\/v2\/types\/page"}],"author":[{"embeddable":true,"href":"https:\/\/fest.gimm.pt\/pt-pt\/wp-json\/wp\/v2\/users\/1004"}],"replies":[{"embeddable":true,"href":"https:\/\/fest.gimm.pt\/pt-pt\/wp-json\/wp\/v2\/comments?post=412"}],"version-history":[{"count":2,"href":"https:\/\/fest.gimm.pt\/pt-pt\/wp-json\/wp\/v2\/pages\/412\/revisions"}],"predecessor-version":[{"id":415,"href":"https:\/\/fest.gimm.pt\/pt-pt\/wp-json\/wp\/v2\/pages\/412\/revisions\/415"}],"wp:featuredmedia":[{"embeddable":true,"href":"https:\/\/fest.gimm.pt\/pt-pt\/wp-json\/wp\/v2\/media\/163"}],"wp:attachment":[{"href":"https:\/\/fest.gimm.pt\/pt-pt\/wp-json\/wp\/v2\/media?parent=412"}],"curies":[{"name":"wp","href":"https:\/\/api.w.org\/{rel}","templated":true}]}}