{"id":184,"date":"2026-02-05T14:54:59","date_gmt":"2026-02-05T14:54:59","guid":{"rendered":"https:\/\/fest.gimm.pt\/?page_id=184"},"modified":"2026-03-10T11:35:24","modified_gmt":"2026-03-10T11:35:24","slug":"beyond-gimm","status":"publish","type":"page","link":"https:\/\/fest.gimm.pt\/pt-pt\/beyond-gimm\/","title":{"rendered":"Beyond GIMM"},"content":{"rendered":"<div style=\"position: relative;\" id=\"\" class=\"alignfull\">\n\n\t\n\t\n\t<div style=\"background-color: #eaeaea;\" class=\"wrapper_section  \">\n\n\t\t<section >\n\t\t\t<div class=\"container\">\n\n\n\t\t\t\t\t\t\t\t<div class=\"acf-innerblocks-container\">\n<div style=\"position: relative;\" id=\"\" >\n\n\n\t\n\t<div>\n\n\t\t<div class=\"row\">\n<!-- <div style=\"position: relative;\" id=\"\" > -->\n\n\n\n<div class=\"col mt-6\">\n\t<div class=\"acf-innerblocks-container\">\n\n<p><strong>Beyond GIMM<\/strong> \u00e9 uma nova instala\u00e7\u00e3o interativa de visualiza\u00e7\u00e3o de dados alimentada por intelig\u00eancia artificial. Baseada no modelo Claude 4.6 da Anthropic, o Beyond GIMM re\u00fane e apresenta as perspetivas da comunidade sobre o futuro.<\/p>\n\n\n\n<p>Convidamos todos a participar respondendo \u00e0 pergunta: <strong>&#8220;Que perguntas tem sobre micr\u00f3bios e o futuro?&#8221;<\/strong>, em Ingl\u00eas ou Portugu\u00eas.<\/p>\n\n\n\n<p>Todas as respostas ser\u00e3o traduzidas, integradas e apresentadas no festival.<\/p>\n\n<\/div>\n<\/div>\n<!-- <\/div> -->\n<\/div>\n\n\t<\/div>\n<\/div>\n\n<div style=\"position: relative;\" id=\"\" >\n\n\n\t\n\t<div>\n\n\t\t<div class=\"row\">\n<!-- <div style=\"position: relative;\" id=\"\" > -->\n\n\n\n<div class=\"col-4 mt-6\">\n\t<div class=\"acf-innerblocks-container\">\n\n<p><\/p>\n\n<\/div>\n<\/div>\n<!-- <\/div> -->\n\n<!-- <div style=\"position: relative;\" id=\"\" > -->\n\n\n\n<div class=\"col-4 mt-6\">\n\t<div class=\"acf-innerblocks-container\">\n\t<a target=\"_blank\" class=\"btn gimm_bt text-center full-width\"  style=\"color: #FF0066\"\n\t\thref=\"https:\/\/www.beyondgimm.pt\/pt\">\n\t\tExplore o Beyond GIMM\t<\/a>\n\n\n\n\n\n<div style=\"height:50px\" aria-hidden=\"true\" class=\"wp-block-spacer\"><\/div>\n\n<\/div>\n<\/div>\n<!-- <\/div> -->\n\n<!-- <div style=\"position: relative;\" id=\"\" > -->\n\n\n\n<div class=\"col-4 mt-6\">\n\t<div class=\"acf-innerblocks-container\">\n\n<p><\/p>\n\n<\/div>\n<\/div>\n<!-- <\/div> -->\n<\/div>\n\n\t<\/div>\n<\/div>\n\n\n<div class=\"wp-block-columns is-layout-flex wp-container-core-columns-is-layout-1 wp-block-columns-is-layout-flex\">\n<div class=\"wp-block-column is-layout-flow wp-block-column-is-layout-flow\"><div class=\"wp-block-image is-style-rounded\">\n<figure class=\"aligncenter size-full is-resized\"><img decoding=\"async\" src=\"https:\/\/maquetes.yomocprojects.com\/gimmfestsite\/wp-content\/uploads\/2026\/02\/25.09.04-GIMMFest-679.jpg\" alt=\"\" class=\"wp-image-203\" style=\"aspect-ratio:1;object-fit:cover;width:400px\"\/><\/figure><\/div><\/div>\n\n\n\n<div class=\"wp-block-column is-layout-flow wp-block-column-is-layout-flow\"><div class=\"wp-block-image is-style-rounded\">\n<figure class=\"aligncenter size-full is-resized\"><img decoding=\"async\" src=\"https:\/\/maquetes.yomocprojects.com\/gimmfestsite\/wp-content\/uploads\/2026\/02\/25.09.04-GIMMFest-388.jpg\" alt=\"\" class=\"wp-image-204\" style=\"aspect-ratio:1;object-fit:cover;width:400px\"\/><\/figure><\/div><\/div>\n<\/div>\n\n<\/div>\n\t\t\t<\/div>\n\t\t<\/section>\n\t<\/div>\n\n<\/div>","protected":false},"excerpt":{"rendered":"","protected":false},"author":1002,"featured_media":163,"parent":0,"menu_order":0,"comment_status":"closed","ping_status":"closed","template":"","meta":{"_acf_changed":false,"footnotes":""},"acf":[],"_links":{"self":[{"href":"https:\/\/fest.gimm.pt\/pt-pt\/wp-json\/wp\/v2\/pages\/184"}],"collection":[{"href":"https:\/\/fest.gimm.pt\/pt-pt\/wp-json\/wp\/v2\/pages"}],"about":[{"href":"https:\/\/fest.gimm.pt\/pt-pt\/wp-json\/wp\/v2\/types\/page"}],"author":[{"embeddable":true,"href":"https:\/\/fest.gimm.pt\/pt-pt\/wp-json\/wp\/v2\/users\/1002"}],"replies":[{"embeddable":true,"href":"https:\/\/fest.gimm.pt\/pt-pt\/wp-json\/wp\/v2\/comments?post=184"}],"version-history":[{"count":2,"href":"https:\/\/fest.gimm.pt\/pt-pt\/wp-json\/wp\/v2\/pages\/184\/revisions"}],"predecessor-version":[{"id":306,"href":"https:\/\/fest.gimm.pt\/pt-pt\/wp-json\/wp\/v2\/pages\/184\/revisions\/306"}],"wp:featuredmedia":[{"embeddable":true,"href":"https:\/\/fest.gimm.pt\/pt-pt\/wp-json\/wp\/v2\/media\/163"}],"wp:attachment":[{"href":"https:\/\/fest.gimm.pt\/pt-pt\/wp-json\/wp\/v2\/media?parent=184"}],"curies":[{"name":"wp","href":"https:\/\/api.w.org\/{rel}","templated":true}]}}