{"id":177,"date":"2026-02-05T14:57:20","date_gmt":"2026-02-05T14:57:20","guid":{"rendered":"https:\/\/fest.gimm.pt\/?page_id=177"},"modified":"2026-04-15T15:33:06","modified_gmt":"2026-04-15T15:33:06","slug":"programa","status":"publish","type":"page","link":"https:\/\/fest.gimm.pt\/pt-pt\/programa\/","title":{"rendered":"Programa"},"content":{"rendered":"<div style=\"position: relative;\" id=\"\" class=\"alignfull\">\n\n\t\n\t\n\t<div style=\"background-color: ;background-image: url(https:\/\/fest.gimm.pt\/wp-content\/uploads\/sites\/25\/2026\/02\/gimm_fest-program2_bg.jpg);background-position: center center;background-size: cover;background-repeat: no-repeat;background-attachment: scroll;background-origin: padding-box;background-clip: border-box;\" class=\"wrapper_section  \">\n\n\t\t<section >\n\t\t\t<div class=\"container\">\n\n\n\t\t\t\t\n\t\t\t\t\t<div class=\"row\">\n\t\t\t\t\t\t<div class=\"col-md-6 pt-2 pb-2 d-flex justify-content-start\">\n\t\t\t\t\t\t\t<h2 class=\"gimm_title mt-4 mb-4 wow fadeInLeft\"\n\t\t\t\t\t\t\t\tstyle=\"visibility: visible; animation-name: fadeInLeft;\">\n\t\t\t\t\t\t\t\tPrograma\t\t\t\t\t\t\t<\/h2>\n\t\t\t\t\t\t<\/div>\n\t\t\t\t\t\t<div class=\"col-md-6 pt-2 pb-2 d-flex justify-content-end\">\n\n\t\t\t\t\t\t<\/div>\n\t\t\t\t\t<\/div>\n\t\t\t\t\t\t\t\t<div class=\"acf-innerblocks-container\">\n<div id=\"\" class=\"wp-block-gimm-tab\">\n\n\n<nav>\n\n  <div class=\"nav nav-tabs\" id=\"links_\" role=\"tablist\">\n    \t\t\t\t<button style=\"font-size: 1.8rem\" class=\"nav-link  active fst-italic\" id=\"tab-17-setembro\"\n        data-bs-toggle=\"tab\" data-bs-target=\"#17-setembro\" type=\"button\" role=\"tab\">\n        17 setembro      <\/button>\n\t\t\t\t\t\t\t<button style=\"font-size: 1.8rem\" class=\"nav-link   fst-italic\" id=\"tab-18-setembro\"\n        data-bs-toggle=\"tab\" data-bs-target=\"#18-setembro\" type=\"button\" role=\"tab\">\n        18 setembro      <\/button>\n\t\t\t\t\t\t\t<button style=\"font-size: 1.8rem\" class=\"nav-link   fst-italic\" id=\"tab-19-setembro\"\n        data-bs-toggle=\"tab\" data-bs-target=\"#19-setembro\" type=\"button\" role=\"tab\">\n        19 setembro      <\/button>\n\t\t\t    <\/div>\n  <\/nav>\n\t<div class=\"tab-content\" id=\"content_\">\n\t\t\t\t\t\t<div class=\"tab-pane fade show active \" id=\"17-setembro\" role=\"tabpanel\">\n\t\t\t\t\t<div class=\"row my-5\">\n\t\t\t\t\t\t<div class=\"box\"><strong>08h30-09h00<\/strong> | Check-in<\/div>\n<div class=\"box\"><strong>09h00<\/strong> | Sess\u00e3o de Abertura<br \/>\nMaria Mota, Diretora Executiva do GIMM, Faculdade de Medicina da Universidade de Lisboa<br \/>\nWaldan Kwong, GIMM<br \/>\nIsabel Gordo, GIMM<br \/>\nIlana Gabanyi, GIMM<br \/>\nKevin Foster, University of Oxford<\/div>\n<div class=\"box\"><strong>09h15<\/strong> | Keynote Speaker<br \/>\nYasmine Belkaid, Institut Pasteur<\/div>\n<div class=\"box\"><strong>10h00-10h30<\/strong> | Intervalo<\/div>\n<div class=\"box\" style=\"text-align: left;\"><strong><span style=\"text-decoration: underline;\">Sess\u00e3o Micro: Sa\u00fade e Doen\u00e7a<\/span><br \/>\n<\/strong><em>Como \u00e9 que o di\u00e1logo constante entre o hospedeiro e os microrganismos influencia a sa\u00fade e a doen\u00e7a?<\/em><br \/>\nEsta sess\u00e3o explora a mudan\u00e7a de perspetiva sobre a sa\u00fade, apresentando-a como  uma parceria entre esp\u00e9cies. Da nutri\u00e7\u00e3o, do microbioma e do sistema imunit\u00e1rio ao envelhecimento e ao eixo intestino-c\u00e9rebro, iremos analisar como os microrganismos afetam a fisiologia e o comportamento do hospedeiro e o que acontece quando esse equil\u00edbrio se perde.<\/div>\n<div class=\"box\"><strong>10h30<\/strong> | Daniel Mucida, Rockefeller University<\/div>\n<div class=\"box\"><strong>11h00<\/strong> | Lu\u00edsa Figueiredo, GIMM, Faculdade de Medicina da Universidade de Lisboa<\/div>\n<div class=\"box\"><strong>11h30<\/strong> | Miguel Soares, GIMM, Faculdade de Medicina da Universidade de Lisboa<\/div>\n<div class=\"box\"><strong>12h00<\/strong> | Carolina Lucas, Yale University<\/div>\n<div class=\"box\"><strong>12h30-13h30<\/strong> | Almo\u00e7o<\/div>\n<div class=\"box\"><strong>13h30<\/strong> | Mesa Redonda &#8211; Quest\u00f5es do Futuro: Sa\u00fade e Doen\u00e7a<br \/>\nDaniel Mucida, Lu\u00edsa Figueiredo, Miguel Soares e Carolina Lucas<br \/>\n<strong>Moderadora:<\/strong> Emma Yee, Cell Press<\/div>\n<div class=\"box\"><strong>14h15-14h45 | Micro Talks Selecionadas<\/strong><\/div>\n<div class=\"box\" style=\"text-align: left;\"><strong><span style=\"text-decoration: underline;\">Sess\u00e3o Micro: Diversidade Eco-Evo<\/span><br \/>\n<\/strong><em>O que nos podem ensinar os microrganismos sobre as origens da vida?<\/em><br \/>\nEsta sess\u00e3o explora a forma como os microrganismos impulsionam a evolu\u00e7\u00e3o, a diversidade e a estabilidade dos ecossistemas. Da sinaliza\u00e7\u00e3o celular bacteriana \u00e0s origens da vida complexa, seguimos o modo como as redes microbianas moldam o passado e o futuro do planeta, incluindo ferramentas para compreender e combater a resist\u00eancia.<\/div>\n<div class=\"box\"><strong>14h45<\/strong> | Bonnie Bassler, Princeton University<\/div>\n<div class=\"box\"><strong>15h15<\/strong> | Marco A. Coelho, Duke University Medical Center<\/div>\n<div class=\"box\"><strong>15h45-16h15<\/strong> | Intervalo<\/div>\n<div class=\"box\"><strong>16h15<\/strong> | Karina Xavier, GIMM<\/div>\n<div class=\"box\"><strong>16h45<\/strong> | Roy Kishony, Technion \u2013 Israel Institute of Technology<\/div>\n<div class=\"box\"><strong>17h15<\/strong> | Mesa Redonda &#8211; Quest\u00f5es do Futuro: Diversidade Eco-Evo<br \/>\nBonnie Bassler, Marco A. Coelho, Karina Xavier e Roy Kishony<br \/>\n<strong>Moderadora:<\/strong> Joana Os\u00f3rio, Science Magazine<\/div>\n<div class=\"box\"><strong>18h30<\/strong> Jantar<\/div>\n\t\t\t\t\t<\/div>\n\t\t\t\t<\/div>\n\t\t\t\t\t\t\t<div class=\"tab-pane fade show  \" id=\"18-setembro\" role=\"tabpanel\">\n\t\t\t\t\t<div class=\"row my-5\">\n\t\t\t\t\t\t<div class=\"box\"><strong>09h15<\/strong> | Keynote Speaker<br \/>\nCharles Rice, Rockefeller University<\/div>\n<div class=\"box\"><strong>10h00-10h30<\/strong> | Intervalo<\/div>\n<div class=\"box\" style=\"text-align: left;\"><strong><span style=\"text-decoration: underline;\">Sess\u00e3o Micro: Engenharia<\/span><br \/>\n<\/strong><em>Como podemos redesenhar a vida?<\/em><br \/>\nEsta sess\u00e3o explora o poder da Biologia sint\u00e9tica e dos microrganismos modificados de forma controlada para melhorar a sa\u00fade dos seres humanos, dos animais e o ambiente; por exemplo, desenvolver novos biomateriais e novas bioterapias, criar ecossistemas artificiais capazes de detetar, limpar e reparar ecossistemas naturais, redefinindo assim a ind\u00fastria, a sustentabilidade e o pr\u00f3prio conceito de criatividade.<\/div>\n<div class=\"box\"><strong>10h30<\/strong> | Jeffery Barrick, Michigan State University<\/div>\n<div class=\"box\"><strong>11h00<\/strong> | Carolina Tropini, University of British Columbia<\/div>\n<div class=\"box\"><strong>11h30<\/strong> | Joy Bergelson, New York University<\/div>\n<div class=\"box\"><strong>12h00<\/strong> | Matthew Chang, National University of Singapore<\/div>\n<div class=\"box\"><strong>12h30-13h30<\/strong> | Almo\u00e7o<\/div>\n<div class=\"box\"><strong>13h30<\/strong> | Mesa Redonda &#8211; Quest\u00f5es do Futuro: Micro: Engenharia<br \/>\nJeffery Barrick, Carolina Tropini, Joy Bergelson e Matthew Chang<br \/>\n<strong>Moderadora:<\/strong> Emily White, Nature Microbiology<\/div>\n<div class=\"box\"><strong>14h15-14h45 | Micro Talks Selecionadas<\/strong><\/div>\n<div class=\"box\"><strong>14h45-17h00<\/strong> | Sess\u00e3o de Posters<\/div>\n<div class=\"box\"><strong>17h00<\/strong> | Mesa Redonda &#8211; Quest\u00f5es do Futuro: Micro: Sociedade<br \/>\nFrancisco Garcia (Val d&#8217;Hebron Hospital Campus), Rita S\u00e1 Machado (Diretora Geral de Sa\u00fade) e Marta Entradas (ISCTE-IUL e London School of Economics)<br \/>\nModerador: Miguel Prud\u00eancio, GIMM, Faculdade de Medicina da Universidade de Lisboa<\/div>\n<div class=\"box\"><strong>18h00<\/strong> | Sess\u00e3o de Encerramento<br \/>\nMaria Mota, Diretora Executiva do GIMM, Faculdade de Medicina da Universidade de Lisboa<\/div>\n\t\t\t\t\t<\/div>\n\t\t\t\t<\/div>\n\t\t\t\t\t\t\t<div class=\"tab-pane fade show  \" id=\"19-setembro\" role=\"tabpanel\">\n\t\t\t\t\t<div class=\"row my-5\">\n\t\t\t\t\t\t<h3 class=\"box\" style=\"text-align: center;\"><strong><em>Brevemente<\/em><\/strong><\/h3>\n\t\t\t\t\t<\/div>\n\t\t\t\t<\/div>\n\t\t\t\t<\/div>\n\n<\/div>\n\n\n\n<\/div>\n\t\t\t<\/div>\n\t\t<\/section>\n\t<\/div>\n\n<\/div>","protected":false},"excerpt":{"rendered":"","protected":false},"author":1002,"featured_media":163,"parent":0,"menu_order":0,"comment_status":"closed","ping_status":"closed","template":"","meta":{"_acf_changed":false,"footnotes":""},"acf":[],"_links":{"self":[{"href":"https:\/\/fest.gimm.pt\/pt-pt\/wp-json\/wp\/v2\/pages\/177"}],"collection":[{"href":"https:\/\/fest.gimm.pt\/pt-pt\/wp-json\/wp\/v2\/pages"}],"about":[{"href":"https:\/\/fest.gimm.pt\/pt-pt\/wp-json\/wp\/v2\/types\/page"}],"author":[{"embeddable":true,"href":"https:\/\/fest.gimm.pt\/pt-pt\/wp-json\/wp\/v2\/users\/1002"}],"replies":[{"embeddable":true,"href":"https:\/\/fest.gimm.pt\/pt-pt\/wp-json\/wp\/v2\/comments?post=177"}],"version-history":[{"count":9,"href":"https:\/\/fest.gimm.pt\/pt-pt\/wp-json\/wp\/v2\/pages\/177\/revisions"}],"predecessor-version":[{"id":351,"href":"https:\/\/fest.gimm.pt\/pt-pt\/wp-json\/wp\/v2\/pages\/177\/revisions\/351"}],"wp:featuredmedia":[{"embeddable":true,"href":"https:\/\/fest.gimm.pt\/pt-pt\/wp-json\/wp\/v2\/media\/163"}],"wp:attachment":[{"href":"https:\/\/fest.gimm.pt\/pt-pt\/wp-json\/wp\/v2\/media?parent=177"}],"curies":[{"name":"wp","href":"https:\/\/api.w.org\/{rel}","templated":true}]}}