{"id":172,"date":"2026-02-05T14:55:58","date_gmt":"2026-02-05T14:55:58","guid":{"rendered":"https:\/\/fest.gimm.pt\/?page_id=172"},"modified":"2026-04-15T15:44:47","modified_gmt":"2026-04-15T15:44:47","slug":"datas-e-valores","status":"publish","type":"page","link":"https:\/\/fest.gimm.pt\/pt-pt\/datas-e-valores\/","title":{"rendered":"Datas e Pre\u00e7os"},"content":{"rendered":"<div style=\"position: relative;\" id=\"\" class=\"alignfull\">\n\n\t\n\t\n\t<div style=\"background-color: #eaeaea;\" class=\"wrapper_section  \">\n\n\t\t<section >\n\t\t\t<div class=\"container\">\n\n\n\t\t\t\t\n\t\t\t\t\t<div class=\"row\">\n\t\t\t\t\t\t<div class=\"col-md-6 pt-2 pb-2 d-flex justify-content-start\">\n\t\t\t\t\t\t\t<h2 class=\"gimm_title mt-4 mb-4 wow fadeInLeft\"\n\t\t\t\t\t\t\t\tstyle=\"visibility: visible; animation-name: fadeInLeft;\">\n\t\t\t\t\t\t\t\tDatas importantes\t\t\t\t\t\t\t<\/h2>\n\t\t\t\t\t\t<\/div>\n\t\t\t\t\t\t<div class=\"col-md-6 pt-2 pb-2 d-flex justify-content-end\">\n\n\t\t\t\t\t\t<\/div>\n\t\t\t\t\t<\/div>\n\t\t\t\t\t\t\t\t<div class=\"acf-innerblocks-container\">\n\n<div class=\"row importantdates\">\n\t<div class=\"col-lg-4\">\n\t\t<h4>Prazos para inscri\u00e7\u00e3o e envio de resumos<\/h4>\n\t<\/div>\n\t<div class=\"col-lg-8\">\n\t\t<p>1 de maio de 2026 &#8211; Prazo final para envio de resumos 1 (considerados para bolsas de viagem, posters e micro-palestras)<br\/>14 de maio de 2026 &#8211; An\u00fancio das bolsas de viagem<br\/>3 de julho de 2026 &#8211; Prazo final para envio de resumos 2 (considerados para micro-palestras e posters)<br\/>17 de julho de 2026 &#8211; An\u00fancio das micropalestras e p\u00f4steres selecionados<br\/>10 de setembro de 2026 &#8211; Prazo final para inscri\u00e7\u00f5es (n\u00e3o ser\u00e3o considerados resumos)<br\/>\t<\/p><\/div>\n<\/div>\n<div class=\"row importantdates\">\n\t<div class=\"col-lg-4\">\n\t\t<h4>Datas das reuni\u00f5es do GIMM Festival<\/h4>\n\t<\/div>\n\t<div class=\"col-lg-8\">\n\t\t<p>17 a 19 de setembro de 2026<br\/>17 e 18 de setembro &#8211; Sess\u00f5es cient\u00edficas para investigadores e profissionais da \u00e1rea biom\u00e9dica e da sa\u00fade<br\/>19 de setembro &#8211; Sess\u00f5es p\u00fablicas para o p\u00fablico em geral<\/p>\n\t<\/div>\n<\/div>\n\n<\/div>\n\t\t\t<\/div>\n\t\t<\/section>\n\t<\/div>\n\n<\/div><div style=\"position: relative;\" id=\"\" class=\"alignfull\">\n\n\t\n\t\n\t<div style=\"background-color: ;background-image: url(https:\/\/fest.gimm.pt\/wp-content\/uploads\/sites\/25\/2026\/02\/gimm_fest-acomodattion_bg.jpg);background-position: center center;background-size: cover;background-repeat: no-repeat;background-attachment: scroll;background-origin: padding-box;background-clip: border-box;\" class=\"wrapper_section  \">\n\n\t\t<section >\n\t\t\t<div class=\"container\">\n\n\n\t\t\t\t\n\t\t\t\t\t<div class=\"row\">\n\t\t\t\t\t\t<div class=\"col-md-6 pt-2 pb-2 d-flex justify-content-start\">\n\t\t\t\t\t\t\t<h2 class=\"gimm_title mt-4 mb-4 wow fadeInLeft\"\n\t\t\t\t\t\t\t\tstyle=\"visibility: visible; animation-name: fadeInLeft;\">\n\t\t\t\t\t\t\t\tPre\u00e7os\t\t\t\t\t\t\t<\/h2>\n\t\t\t\t\t\t<\/div>\n\t\t\t\t\t\t<div class=\"col-md-6 pt-2 pb-2 d-flex justify-content-end\">\n\n\t\t\t\t\t\t<\/div>\n\t\t\t\t\t<\/div>\n\t\t\t\t\t\t\t\t<div class=\"acf-innerblocks-container\">\n<div style=\"position: relative;\" id=\"\" >\n\n\n\t\n\t<div>\n\n\t\t<div class=\"row\">\n<!-- <div style=\"position: relative;\" id=\"\" > -->\n\n\n\n<div class=\"col-sm-3\">\n\t<div class=\"acf-innerblocks-container\">\n\n<h4 class=\"wp-block-heading\">DIA 17 E 18<\/h4>\n\n\n\n<ul class=\"wp-block-list\">\n<li><strong>Estudante ou p\u00f3s-doutorado:<\/strong>\n<ul class=\"wp-block-list\">\n<li>Inscri\u00e7\u00e3o antecipada 175\u20ac*<\/li>\n\n\n\n<li>Standard 225\u20ac<\/li>\n<\/ul>\n<\/li>\n<\/ul>\n\n\n\n<div style=\"height:5px\" aria-hidden=\"true\" class=\"wp-block-spacer\"><\/div>\n\n\n\n<ul class=\"wp-block-list\">\n<li><strong>Acad\u00e9mico Outros:<\/strong>\n<ul class=\"wp-block-list\">\n<li>Inscri\u00e7\u00e3o antecipada 250\u20ac<strong>*<\/strong><\/li>\n\n\n\n<li>Standard 300\u20ac<\/li>\n<\/ul>\n<\/li>\n<\/ul>\n\n\n\n<div style=\"height:5px\" aria-hidden=\"true\" class=\"wp-block-spacer\"><\/div>\n\n\n\n<ul class=\"wp-block-list\">\n<li><strong>Ind\u00fastria:<\/strong>\n<ul class=\"wp-block-list\">\n<li>Inscri\u00e7\u00e3o antecipada 500\u20ac<strong>*<\/strong><\/li>\n\n\n\n<li>Standard 500\u20ac<\/li>\n<\/ul>\n<\/li>\n<\/ul>\n\n\n\n<div style=\"height:5px\" aria-hidden=\"true\" class=\"wp-block-spacer\"><\/div>\n\n\n\n<ul class=\"wp-block-list\">\n<li><strong>Membro GIMM:<\/strong>\n<ul class=\"wp-block-list\">\n<li>Por favor, consulte as comunica\u00e7\u00f5es internas<\/li>\n<\/ul>\n<\/li>\n<\/ul>\n\n\n\n<div style=\"height:5px\" aria-hidden=\"true\" class=\"wp-block-spacer\"><\/div>\n\n\n\n<p><strong>*At\u00e9 1 de maio de 2026<\/strong><\/p>\n\n<\/div>\n<\/div>\n<!-- <\/div> -->\n\n<!-- <div style=\"position: relative;\" id=\"\" > -->\n\n\n\n<div class=\"col-sm-3\">\n\t<div class=\"acf-innerblocks-container\">\n\n<h4 class=\"wp-block-heading\">DIA 19<\/h4>\n\n\n\n<ul class=\"wp-block-list\">\n<li><strong>P\u00fablico Geral:<\/strong>\n<ul class=\"wp-block-list\">\n<li>Gratuito<\/li>\n<\/ul>\n<\/li>\n<\/ul>\n\n<\/div>\n<\/div>\n<!-- <\/div> -->\n\n<!-- <div style=\"position: relative;\" id=\"\" > -->\n\n\n\n<div class=\"col-sm-6\">\n\t<div class=\"acf-innerblocks-container\">\n\n<p>Observe que os pre\u00e7os de inscri\u00e7\u00e3o incluem todos os custos de alimenta\u00e7\u00e3o para os dias 17 e 18, al\u00e9m do jantar social. Eles n\u00e3o incluem viagem ou acomoda\u00e7\u00e3o, que devem ser organizadas pelos participantes (exceto palestrantes convidados). <br\/><br\/>As taxas de inscri\u00e7\u00e3o devem ser pagas ap\u00f3s o processo de inscri\u00e7\u00e3o, utilizando as op\u00e7\u00f5es disponibilizadas: cart\u00e3o de cr\u00e9dito ou transfer\u00eancia banc\u00e1ria. Tenha em aten\u00e7\u00e3o que todas as inscri\u00e7\u00f5es s\u00e3o definitivas (exceto no caso dos Pr\u00e9mios de Viagem &#8211; ver abaixo). <br\/> <br\/><strong>We make available up to 10 GIMM Festival Travel Awards for students and postdocs coming from outside of Portugal to attend the event (covering a refund of your registration fee + a flat rate of 500 EUR of travel expenses). The awardees will be selected based on their abstract.  Please indicate that option when registering and submitting your abstract (deadline for consideration: 14 May 2026). <\/strong><\/p>\n\n<\/div>\n<\/div>\n<!-- <\/div> -->\n<\/div>\n\n\t<\/div>\n<\/div>\n<\/div>\n\t\t\t<\/div>\n\t\t<\/section>\n\t<\/div>\n\n<\/div>","protected":false},"excerpt":{"rendered":"","protected":false},"author":1002,"featured_media":163,"parent":0,"menu_order":0,"comment_status":"closed","ping_status":"closed","template":"","meta":{"_acf_changed":false,"footnotes":""},"acf":[],"_links":{"self":[{"href":"https:\/\/fest.gimm.pt\/pt-pt\/wp-json\/wp\/v2\/pages\/172"}],"collection":[{"href":"https:\/\/fest.gimm.pt\/pt-pt\/wp-json\/wp\/v2\/pages"}],"about":[{"href":"https:\/\/fest.gimm.pt\/pt-pt\/wp-json\/wp\/v2\/types\/page"}],"author":[{"embeddable":true,"href":"https:\/\/fest.gimm.pt\/pt-pt\/wp-json\/wp\/v2\/users\/1002"}],"replies":[{"embeddable":true,"href":"https:\/\/fest.gimm.pt\/pt-pt\/wp-json\/wp\/v2\/comments?post=172"}],"version-history":[{"count":7,"href":"https:\/\/fest.gimm.pt\/pt-pt\/wp-json\/wp\/v2\/pages\/172\/revisions"}],"predecessor-version":[{"id":478,"href":"https:\/\/fest.gimm.pt\/pt-pt\/wp-json\/wp\/v2\/pages\/172\/revisions\/478"}],"wp:featuredmedia":[{"embeddable":true,"href":"https:\/\/fest.gimm.pt\/pt-pt\/wp-json\/wp\/v2\/media\/163"}],"wp:attachment":[{"href":"https:\/\/fest.gimm.pt\/pt-pt\/wp-json\/wp\/v2\/media?parent=172"}],"curies":[{"name":"wp","href":"https:\/\/api.w.org\/{rel}","templated":true}]}}