{"id":169,"date":"2026-02-05T14:57:39","date_gmt":"2026-02-05T14:57:39","guid":{"rendered":"https:\/\/fest.gimm.pt\/?page_id=169"},"modified":"2026-02-06T17:00:14","modified_gmt":"2026-02-06T17:00:14","slug":"abstracts","status":"publish","type":"page","link":"https:\/\/fest.gimm.pt\/pt-pt\/abstracts\/","title":{"rendered":"Abstracts"},"content":{"rendered":"<div style=\"position: relative;\" id=\"\" class=\"alignfull\">\n\n\t\n\t\n\t<div style=\"background-color: #eaeaea;\" class=\"wrapper_section  \">\n\n\t\t<section >\n\t\t\t<div class=\"container\">\n\n\n\t\t\t\t\n\t\t\t\t\t<div class=\"row\">\n\t\t\t\t\t\t<div class=\"col-md-6 pt-2 pb-2 d-flex justify-content-start\">\n\t\t\t\t\t\t\t<h2 class=\"gimm_title mt-4 mb-4 wow fadeInLeft\"\n\t\t\t\t\t\t\t\tstyle=\"visibility: visible; animation-name: fadeInLeft;\">\n\t\t\t\t\t\t\t\tRegistration\t\t\t\t\t\t\t<\/h2>\n\t\t\t\t\t\t<\/div>\n\t\t\t\t\t\t<div class=\"col-md-6 pt-2 pb-2 d-flex justify-content-end\">\n\n\t\t\t\t\t\t<\/div>\n\t\t\t\t\t<\/div>\n\t\t\t\t\t\t\t\t<div class=\"acf-innerblocks-container\">\n<div style=\"position: relative;\" id=\"\" >\n\n\n\t\n\t<div>\n\n\t\t<div class=\"row\">\n<!-- <div style=\"position: relative;\" id=\"\" > -->\n\n\n\n<div class=\"col mt-6\">\n\t<div class=\"acf-innerblocks-container\">\n\n<p><strong>As inscri\u00e7\u00f5es para o GIMM Festival 2026 abrem a 6 de fevereiro de 2026, com taxas de inscri\u00e7\u00e3o Early Bird at\u00e9 1 de maio de 2026. <\/strong><br><strong>As inscri\u00e7\u00f5es encerram a 10 de setembro de 2026.<\/strong><\/p>\n\n\n\n<p>O GIMM Festival 2026 decorrer\u00e1 no Pavilh\u00e3o de Portugal, em Lisboa, de 17 a 19 de setembro de 2026.<\/p>\n\n\n\n<div style=\"height:30px\" aria-hidden=\"true\" class=\"wp-block-spacer\"><\/div>\n\n\n\t<a target=\"_blank\" class=\"btn gimm_bt  mb-2 mb-sm-0\"  style=\"color: #FF0066\"\n\t\thref=\"https:\/\/forumdideias.eventsair.com\/gimm-festival-2026\/reg\">\n\t\tInscreva-se agora\t<\/a>\n\n\n\n<\/div>\n<\/div>\n<!-- <\/div> -->\n<\/div>\n\n\t<\/div>\n<\/div>\n<\/div>\n\t\t\t<\/div>\n\t\t<\/section>\n\t<\/div>\n\n<\/div>\n\n<div style=\"position: relative;\" id=\"\" class=\"alignfull\">\n\n\t\n\t\n\t<div style=\"background-color: #eaeaea;background-image: url(https:\/\/fest.gimm.pt\/wp-content\/uploads\/sites\/25\/2026\/02\/gimm_fest-abstract_bg.jpg);background-position: center center;background-size: cover;background-repeat: no-repeat;background-attachment: scroll;background-origin: padding-box;background-clip: border-box;\" class=\"wrapper_section  \">\n\n\t\t<section >\n\t\t\t<div class=\"container\">\n\n\n\t\t\t\t\n\t\t\t\t\t<div class=\"row\">\n\t\t\t\t\t\t<div class=\"col-md-6 pt-2 pb-2 d-flex justify-content-start\">\n\t\t\t\t\t\t\t<h2 class=\"gimm_title mt-4 mb-4 wow fadeInLeft\"\n\t\t\t\t\t\t\t\tstyle=\"visibility: visible; animation-name: fadeInLeft;\">\n\t\t\t\t\t\t\t\tAbstracts\t\t\t\t\t\t\t<\/h2>\n\t\t\t\t\t\t<\/div>\n\t\t\t\t\t\t<div class=\"col-md-6 pt-2 pb-2 d-flex justify-content-end\">\n\n\t\t\t\t\t\t<\/div>\n\t\t\t\t\t<\/div>\n\t\t\t\t\t\t\t\t<div class=\"acf-innerblocks-container\">\n<div style=\"position: relative;\" id=\"\" >\n\n\n\t\n\t<div>\n\n\t\t<div class=\"row\">\n<!-- <div style=\"position: relative;\" id=\"\" > -->\n\n\n\n<div class=\"col mt-6\">\n\t<div class=\"acf-innerblocks-container\">\n\n<h4 class=\"wp-block-heading\">Est\u00e3o abertas as submiss\u00f5es para posters e micro-talks de 5 minutos dentro de um ou mais dos temas das sess\u00f5es.<\/h4>\n\n\n\n<div style=\"height:30px\" aria-hidden=\"true\" class=\"wp-block-spacer\"><\/div>\n\n\n\n<ul class=\"wp-block-list\">\n<li>Por favor, note que pode registar-se no evento, concluir o pagamento e enviar o seu abstract ao mesmo tempo ou separadamente, desde que todas as etapas estejam conclu\u00eddas dentro dos prazos apresentados.<\/li>\n<\/ul>\n\n\n\n<div style=\"height:10px\" aria-hidden=\"true\" class=\"wp-block-spacer\"><\/div>\n\n\n\n<ul class=\"wp-block-list\">\n<li>O seu abstract deve ser submetido no seguinte formato:\n<ul class=\"wp-block-list\">\n<li>a) Nome completo, tal como indicado no formul\u00e1rio de inscri\u00e7\u00e3o.<\/li>\n\n\n\n<li>b) Endere\u00e7o de e-mail, tal como indicado no formul\u00e1rio de inscri\u00e7\u00e3o.<\/li>\n\n\n\n<li>c) T\u00edtulo do abstract (m\u00e1x. de 20 palavras)<\/li>\n\n\n\n<li>d) Palavras-chave (m\u00e1x. 5)<\/li>\n\n\n\n<li>e) Corpo do abstract (m\u00e1x. de 250 palavras)<\/li>\n\n\n\n<li>f)&nbsp;Nome(s) do(s) autor(es) e afilia\u00e7\u00e3o com uma listagem do primeiro para o \u00faltimo (por favor sublinhe o nome da pessoa que ir\u00e1 apresentar):\n<ul class=\"wp-block-list\">\n<li>Nome pr\u00f3prio, Apelido, Afilia\u00e7\u00e3o<\/li>\n\n\n\n<li>Nome pr\u00f3prio, Apelido, Afilia\u00e7\u00e3o<\/li>\n<\/ul>\n<\/li>\n<\/ul>\n<\/li>\n<\/ul>\n\n\n\n<div style=\"height:10px\" aria-hidden=\"true\" class=\"wp-block-spacer\"><\/div>\n\n\n\n<ul class=\"wp-block-list\">\n<li>Durante o processo de registo, ser-lhe-\u00e1 solicitado que:<br> a) Indique a categoria do seu abstract<br> b) Indique se pretende que o seu abstract seja tamb\u00e9m considerado para uma micro-talk de 5 minutos, al\u00e9m do poster<br> c) Indique se deseja ser considerado para a Travel Grant do GIMM Festival (se eleg\u00edvel).<\/li>\n<\/ul>\n\n\n\n<div style=\"height:10px\" aria-hidden=\"true\" class=\"wp-block-spacer\"><\/div>\n\n\n\n<ul class=\"wp-block-list\">\n<li><strong>O primeiro prazo para a submiss\u00e3o de abstracts \u00e9 1 de maio de 2026<\/strong> (para considera\u00e7\u00e3o para a travel grant). <strong>O segundo prazo para submiss\u00e3o de abstracts \u00e9 3 de julho de 2026<\/strong>.<\/li>\n<\/ul>\n\n\n\n<div style=\"height:10px\" aria-hidden=\"true\" class=\"wp-block-spacer\"><\/div>\n\n\n\n<ul class=\"wp-block-list\">\n<li>Os abstracts ser\u00e3o revistos pela Comiss\u00e3o Cient\u00edfica Organizadora do evento e os resultados ser\u00e3o comunicados por e-mail at\u00e9 14 de maio de 2026 (vencedores da Travel Grant) e 17 de julho de 2026 (micro-talks e posters selecionados).<\/li>\n<\/ul>\n\n\n\n<div style=\"height:10px\" aria-hidden=\"true\" class=\"wp-block-spacer\"><\/div>\n\n\n\n<ul class=\"wp-block-list\">\n<li>Os resultados da sele\u00e7\u00e3o dos abstracts s\u00e3o divulgados assim que o pagamento da sua inscri\u00e7\u00e3o for confirmado. Se tiver alguma quest\u00e3o com este processo, entre em contacto connosco atrav\u00e9s do e-mail <a href=\"mailto:gimm.festival@gimm.pt\">gimm.festival@gimm.pt<\/a><\/li>\n<\/ul>\n\n\n\n<p><strong>Os abstracts devem ser submetidos atrav\u00e9s do anexo de um ficheiro durante o processo de registo.<\/strong><\/p>\n\n\n\n<div style=\"height:10px\" aria-hidden=\"true\" class=\"wp-block-spacer\"><\/div>\n\n\n\n<hr class=\"wp-block-separator has-alpha-channel-opacity\"\/>\n\n\n\n<div style=\"height:10px\" aria-hidden=\"true\" class=\"wp-block-spacer\"><\/div>\n\n\n\n<p>Ap\u00f3s a comunica\u00e7\u00e3o da aceita\u00e7\u00e3o do abstract:<\/p>\n\n\n\n<p>Os posters devem ser preparados da seguinte forma:<\/p>\n\n\n\n<ul class=\"wp-block-list\">\n<li>A0 size, retrato (largura x altura: 841 x 1189 mm)<\/li>\n\n\n\n<li>O poster deve ser impresso e levado consigo para o evento.<\/li>\n\n\n\n<li>Ser\u00e1 contactado oportunamente com o n\u00famero do seu p\u00f3ster.<\/li>\n<\/ul>\n\n\n\n<div style=\"height:10px\" aria-hidden=\"true\" class=\"wp-block-spacer\"><\/div>\n\n\n\n<p>Mais detalhes ser\u00e3o disponibilizados aos selecionados para uma Micro-talk de 5 minutos.<\/p>\n\n<\/div>\n<\/div>\n<!-- <\/div> -->\n<\/div>\n\n\t<\/div>\n<\/div>\n<\/div>\n\t\t\t<\/div>\n\t\t<\/section>\n\t<\/div>\n\n<\/div>","protected":false},"excerpt":{"rendered":"","protected":false},"author":1002,"featured_media":163,"parent":0,"menu_order":0,"comment_status":"closed","ping_status":"closed","template":"","meta":{"_acf_changed":false,"footnotes":""},"acf":[],"_links":{"self":[{"href":"https:\/\/fest.gimm.pt\/pt-pt\/wp-json\/wp\/v2\/pages\/169"}],"collection":[{"href":"https:\/\/fest.gimm.pt\/pt-pt\/wp-json\/wp\/v2\/pages"}],"about":[{"href":"https:\/\/fest.gimm.pt\/pt-pt\/wp-json\/wp\/v2\/types\/page"}],"author":[{"embeddable":true,"href":"https:\/\/fest.gimm.pt\/pt-pt\/wp-json\/wp\/v2\/users\/1002"}],"replies":[{"embeddable":true,"href":"https:\/\/fest.gimm.pt\/pt-pt\/wp-json\/wp\/v2\/comments?post=169"}],"version-history":[{"count":3,"href":"https:\/\/fest.gimm.pt\/pt-pt\/wp-json\/wp\/v2\/pages\/169\/revisions"}],"predecessor-version":[{"id":238,"href":"https:\/\/fest.gimm.pt\/pt-pt\/wp-json\/wp\/v2\/pages\/169\/revisions\/238"}],"wp:featuredmedia":[{"embeddable":true,"href":"https:\/\/fest.gimm.pt\/pt-pt\/wp-json\/wp\/v2\/media\/163"}],"wp:attachment":[{"href":"https:\/\/fest.gimm.pt\/pt-pt\/wp-json\/wp\/v2\/media?parent=169"}],"curies":[{"name":"wp","href":"https:\/\/api.w.org\/{rel}","templated":true}]}}