{"id":164,"date":"2026-02-05T14:58:17","date_gmt":"2026-02-05T14:58:17","guid":{"rendered":"https:\/\/fest.gimm.pt\/?page_id=164"},"modified":"2026-04-15T15:15:38","modified_gmt":"2026-04-15T15:15:38","slug":"local","status":"publish","type":"page","link":"https:\/\/fest.gimm.pt\/pt-pt\/local\/","title":{"rendered":"Local e Alojamento"},"content":{"rendered":"<div style=\"position: relative;\" id=\"\" class=\"alignfull\">\n\n\t\n\t\n\t<div style=\"background-color: ;background-image: url(https:\/\/fest.gimm.pt\/wp-content\/uploads\/sites\/25\/2026\/02\/gimm_fest-venuet_bg.jpg);background-position: center center;background-size: cover;background-repeat: no-repeat;background-attachment: scroll;background-origin: padding-box;background-clip: border-box;\" class=\"wrapper_section  \">\n\n\t\t<section >\n\t\t\t<div class=\"container\">\n\n\n\t\t\t\t\t\t\t\t<div class=\"acf-innerblocks-container\">\n<div style=\"position: relative;\" id=\"\" >\n\n\n\t\n\t<div>\n\n\t\t<div class=\"row\">\n<!-- <div style=\"position: relative;\" id=\"\" > -->\n\n\n\n<div class=\"col-sm-4\">\n\t<div class=\"acf-innerblocks-container\">\n\n<p>O nosso evento decorrer\u00e1 no <strong>Pavilh\u00e3o de Portugal<\/strong>, situado na zona nordeste de Lisboa.<\/p>\n\n\n\n<p><br>Localizado no moderno bairro do Parque das Na\u00e7\u00f5es, esta \u00e1rea alberga tamb\u00e9m o Pavilh\u00e3o do Conhecimento &#8211; Ci\u00eancia Viva, que oferece atividades de educa\u00e7\u00e3o cient\u00edfica para fam\u00edlias, assim como o Ocean\u00e1rio de Lisboa, al\u00e9m de v\u00e1rios restaurantes \u00e0 beira-rio e espa\u00e7os verdes.<br><\/p>\n\n\n\n<p>\u00c9 tamb\u00e9m muito f\u00e1cil chegar ao centro hist\u00f3rico de Lisboa de metro.<\/p>\n\n\n\n<p>Qualquer alojamento pr\u00f3ximo do Pavilh\u00e3o de Portugal ou no centro de Lisboa com boa liga\u00e7\u00e3o \u00e0 linha vermelha do metro ser\u00e1 adequado para assistir ao evento.<\/p>\n\n\n\n<p><br>Consulte o site oficial:<\/p>\n\n\n\n<div style=\"height:20px\" aria-hidden=\"true\" class=\"wp-block-spacer\"><\/div>\n\n\n\t<a target=\"_blank\" class=\"btn gimm_bt  mb-2 mb-sm-0\"  style=\"color: #FF0066\"\n\t\thref=\"https:\/\/www.ulisboa.pt\/pavilhao-de-portugal\">\n\t\tPavilh\u00e3o de Portugal\t<\/a>\n\n\n\n\n\n<div style=\"height:20px\" aria-hidden=\"true\" class=\"wp-block-spacer\"><\/div>\n\n\n\t<a target=\"_blank\" class=\"btn gimm_bt  mb-2 mb-sm-0\"  style=\"color: #FF0066\"\n\t\thref=\"https:\/\/maps.app.goo.gl\/8bxWSNesBZWPYCSD8\">\n\t\tGoogle Maps\t<\/a>\n\n\n\n<\/div>\n<\/div>\n<!-- <\/div> -->\n\n<!-- <div style=\"position: relative;\" id=\"\" > -->\n\n\n\n<div class=\"col-sm-4\">\n\t<div class=\"acf-innerblocks-container\">\n<div class=\"wp-block-image is-style-rounded\">\n<figure class=\"aligncenter size-full is-resized\"><img loading=\"lazy\" decoding=\"async\" width=\"1024\" height=\"682\" src=\"https:\/\/fest.gimm.pt\/wp-content\/uploads\/sites\/25\/2026\/02\/25.09.04-GIMMFest-667.jpg\" alt=\"\" class=\"wp-image-74\" style=\"aspect-ratio:1;object-fit:cover;width:350px\" srcset=\"https:\/\/fest.gimm.pt\/wp-content\/uploads\/sites\/25\/2026\/02\/25.09.04-GIMMFest-667.jpg 1024w, https:\/\/fest.gimm.pt\/wp-content\/uploads\/sites\/25\/2026\/02\/25.09.04-GIMMFest-667-300x200.jpg 300w, https:\/\/fest.gimm.pt\/wp-content\/uploads\/sites\/25\/2026\/02\/25.09.04-GIMMFest-667-768x512.jpg 768w\" sizes=\"(max-width: 1024px) 100vw, 1024px\" \/><\/figure><\/div>\n\n\n<p><\/p>\n\n\n\n<p class=\"has-text-align-center\">Cr\u00e9ditos: GIMM Festival 2025<\/p>\n\n<\/div>\n<\/div>\n<!-- <\/div> -->\n\n<!-- <div style=\"position: relative;\" id=\"\" > -->\n\n\n\n<div class=\"col-sm-4\">\n\t<div class=\"acf-innerblocks-container\">\n<div class=\"wp-block-image is-style-rounded\">\n<figure class=\"aligncenter size-full is-resized\"><img loading=\"lazy\" decoding=\"async\" width=\"1024\" height=\"682\" src=\"https:\/\/fest.gimm.pt\/wp-content\/uploads\/sites\/25\/2026\/02\/25.09.04-GIMMFest-26.jpg\" alt=\"\" class=\"wp-image-75\" style=\"aspect-ratio:1;object-fit:cover;width:350px\" srcset=\"https:\/\/fest.gimm.pt\/wp-content\/uploads\/sites\/25\/2026\/02\/25.09.04-GIMMFest-26.jpg 1024w, https:\/\/fest.gimm.pt\/wp-content\/uploads\/sites\/25\/2026\/02\/25.09.04-GIMMFest-26-300x200.jpg 300w, https:\/\/fest.gimm.pt\/wp-content\/uploads\/sites\/25\/2026\/02\/25.09.04-GIMMFest-26-768x512.jpg 768w\" sizes=\"(max-width: 1024px) 100vw, 1024px\" \/><\/figure><\/div>\n\n\n<p><\/p>\n\n\n\n<p class=\"has-text-align-center\"><\/p>\n\n<\/div>\n<\/div>\n<!-- <\/div> -->\n<\/div>\n\n\t<\/div>\n<\/div>\n<\/div>\n\t\t\t<\/div>\n\t\t<\/section>\n\t<\/div>\n\n<\/div>\n\n<div style=\"position: relative;\" id=\"\" class=\"alignfull\">\n\n\t\n\t\n\t<div style=\"background-color: ;background-image: url(https:\/\/fest.gimm.pt\/wp-content\/uploads\/sites\/25\/2026\/02\/gimm_fest-acomodattion_bg.jpg);background-position: center center;background-size: cover;background-repeat: no-repeat;background-attachment: scroll;background-origin: padding-box;background-clip: border-box;\" class=\"wrapper_section divider  \">\n\n\t\t<section >\n\t\t\t<div class=\"container\">\n\n\n\t\t\t\t\n\t\t\t\t\t<div class=\"row\">\n\t\t\t\t\t\t<div class=\"col-md-6 pt-2 pb-2 d-flex justify-content-start\">\n\t\t\t\t\t\t\t<h2 class=\"gimm_title mt-4 mb-4 wow fadeInLeft\"\n\t\t\t\t\t\t\t\tstyle=\"visibility: visible; animation-name: fadeInLeft;\">\n\t\t\t\t\t\t\t\tAlojamento\t\t\t\t\t\t\t<\/h2>\n\t\t\t\t\t\t<\/div>\n\t\t\t\t\t\t<div class=\"col-md-6 pt-2 pb-2 d-flex justify-content-end\">\n\n\t\t\t\t\t\t<\/div>\n\t\t\t\t\t<\/div>\n\t\t\t\t\t\t\t\t<div class=\"acf-innerblocks-container\">\n<div style=\"position: relative;\" id=\"\" >\n\n\n\t\n\t<div>\n\n\t\t<div class=\"row\">\n<!-- <div style=\"position: relative;\" id=\"\" > -->\n\n\n\n<div class=\"col-sm\">\n\t<div class=\"acf-innerblocks-container\">\n\n<p>Os participantes dever\u00e3o assegurar as suas despesas de viagem e alojamento.<\/p>\n\n\n\n<p>Segue-se uma lista de hot\u00e9is recomendados perto do local do evento, que oferecem pre\u00e7os especiais para os participantes:<\/p>\n\n\n\n<div style=\"height:30px\" aria-hidden=\"true\" class=\"wp-block-spacer\"><\/div>\n\n\n\n<div class=\"wp-block-columns is-layout-flex wp-container-core-columns-is-layout-1 wp-block-columns-is-layout-flex\">\n<div class=\"wp-block-column is-layout-flow wp-block-column-is-layout-flow\">\n<figure class=\"wp-block-image size-full is-resized is-style-rounded\"><a href=\"https:\/\/events.melia.com\/en\/events\/melia-lisboa-oriente\/GIMM-Festival\" target=\"_blank\" rel=\"noopener\"><img decoding=\"async\" src=\"https:\/\/gimm.pt\/wp-content\/uploads\/2025\/07\/gimm_meliaoriente.jpg\" alt=\"\" class=\"wp-image-8857\" style=\"aspect-ratio:1;object-fit:cover;width:350px\"\/><\/a><\/figure>\n\n\n\n<p class=\"has-medium-font-size\"><a href=\"https:\/\/events.melia.com\/en\/events\/melia-lisboa-oriente\/GIMM-Festival\">Meli\u00e3 Lisboa Oriente<\/a><\/p>\n\n\n\n<p>Quarto individual: 175\u20ac | Quarto duplo: 190\u20ac<br>\u27a4 Para reservar com a tarifa especial, por favor utilize o seguinte link: <a href=\"http:\/\/events.melia.com\/en\/events\/melia-lisboa-oriente\/GIMM-Fest-2026\">events.melia.com\/en\/events\/melia-lisboa-oriente\/GIMM-Fest-2026<\/a><\/p>\n<\/div>\n\n\n\n<div class=\"wp-block-column is-layout-flow wp-block-column-is-layout-flow\"><\/div>\n\n\n\n<div class=\"wp-block-column is-layout-flow wp-block-column-is-layout-flow\"><\/div>\n<\/div>\n\n<\/div>\n<\/div>\n<!-- <\/div> -->\n<\/div>\n\n\t<\/div>\n<\/div>\n\n\n<div style=\"height:40px\" aria-hidden=\"true\" class=\"wp-block-spacer\"><\/div>\n\n\n<div style=\"position: relative;\" id=\"\" >\n\n\n\t\n\t<div>\n\n\t\t<div class=\"row\">\n<!-- <div style=\"position: relative;\" id=\"\" > -->\n\n\n\n<div class=\"col-sm mt-4\">\n\t<div class=\"acf-innerblocks-container\">\n\n<p><strong>Alojamento alternativo e mais econ\u00f3mico nas proximidades:<\/strong><\/p>\n\n\n\n<p>Para quem procura op\u00e7\u00f5es mais econ\u00f3micas, as seguintes acomoda\u00e7\u00f5es situam-se nas proximidades e costumam oferecer tarifas mais baixas:<\/p>\n\n<\/div>\n<\/div>\n<!-- <\/div> -->\n<\/div>\n\n\t<\/div>\n<\/div>\n\n<div style=\"position: relative;\" id=\"\" >\n\n\n\t\n\t<div>\n\n\t\t<div class=\"row\">\n<!-- <div style=\"position: relative;\" id=\"\" > -->\n\n\n\n<div class=\"col-sm-4\">\n\t<div class=\"acf-innerblocks-container\">\n\n<figure class=\"wp-block-image size-full is-resized is-style-rounded\"><a href=\"https:\/\/all.accor.com\/hotel\/8501\/index.pt.shtml\" target=\"_blank\" rel=\"noopener\"><img decoding=\"async\" src=\"https:\/\/gimm.pt\/wp-content\/uploads\/2025\/07\/gimm_ibisoriente.jpg\" alt=\"\" class=\"wp-image-8861\" style=\"aspect-ratio:1;object-fit:cover;width:350px\"\/><\/a><\/figure>\n\n\n\n<p class=\"has-medium-font-size\"><a href=\"https:\/\/all.accor.com\/hotel\/8501\/index.pt.shtml\" target=\"_blank\" rel=\"noopener\">Ibis Lisboa Parque das Na\u00e7\u00f5es<\/a><\/p>\n\n\n\n<p><em>Hotel moderno e econ\u00f3mico, normalmente entre 90\u20ac e 110<em>\u20ac<\/em><\/em><em> por noite<\/em><\/p>\n\n<\/div>\n<\/div>\n<!-- <\/div> -->\n\n<!-- <div style=\"position: relative;\" id=\"\" > -->\n\n\n\n<div class=\"col-sm-4\">\n\t<div class=\"acf-innerblocks-container\">\n\n<figure class=\"wp-block-image size-full is-resized is-style-rounded\"><a href=\"\/\/www.stayhotels.pt\/stayhotellisboaaeroporto\/home]]--&gt;\" target=\"_blank\" rel=\"noopener\"><img decoding=\"async\" src=\"https:\/\/gimm.pt\/wp-content\/uploads\/2025\/07\/gimm_stayoriente.jpg\" alt=\"\" class=\"wp-image-8863\" style=\"aspect-ratio:1;object-fit:cover;width:350px\"\/><\/a><\/figure>\n\n\n\n<p class=\"has-medium-font-size\"><a href=\"https:\/\/www.stayhotels.pt\/stayhotellisboaaeroporto\/home\" target=\"_blank\" rel=\"noopener\">Stay Hotels Lisboa Aeroporto<\/a><\/p>\n\n\n\n<p>Acess\u00edvel e pr\u00e1tico, perto do aeroporto e do Parque das Na\u00e7\u00f5es &#8211; tarifas a partir de 80 \u20ac por noite<\/p>\n\n<\/div>\n<\/div>\n<!-- <\/div> -->\n\n<!-- <div style=\"position: relative;\" id=\"\" > -->\n\n\n\n<div class=\"col-sm-4\">\n\t<div class=\"acf-innerblocks-container\">\n\n<figure class=\"wp-block-image size-full is-resized is-style-rounded\"><a href=\"https:\/\/www.ihg.com\/holidayinnexpress\/hotels\/gb\/en\/lisbon\/lisap\/hoteldetail?cm_mmc=GoogleMaps-_-EX-_-PT-_-LISAP\" target=\"_blank\" rel=\"noopener\"><img decoding=\"async\" src=\"https:\/\/gimm.pt\/wp-content\/uploads\/2025\/07\/gimm_holidayinaeroporto.jpg\" alt=\"\" class=\"wp-image-8865\" style=\"aspect-ratio:1;object-fit:cover;width:350px\"\/><\/a><\/figure>\n\n\n\n<p class=\"has-medium-font-size\"><a href=\"https:\/\/www.ihg.com\/holidayinnexpress\/hotels\/gb\/en\/lisbon\/lisap\/hoteldetail?cm_mmc=GoogleMaps-_-EX-_-PT-_-LISAP\" target=\"_blank\" rel=\"noopener\">Holiday Inn Express Lisbon Airport<\/a><\/p>\n\n\n\n<p>Tarifas a partir de cerca de 90\u20ac por noite; pequeno-almo\u00e7o inclu\u00eddo<\/p>\n\n<\/div>\n<\/div>\n<!-- <\/div> -->\n<\/div>\n\n\t<\/div>\n<\/div>\n\n\n<div style=\"height:40px\" aria-hidden=\"true\" class=\"wp-block-spacer\"><\/div>\n\n\n<div style=\"position: relative;\" id=\"\" >\n\n\n\t\n\t<div>\n\n\t\t<div class=\"row\">\n<!-- <div style=\"position: relative;\" id=\"\" > -->\n\n\n\n<div class=\"col-sm mt-4\">\n\t<div class=\"acf-innerblocks-container\">\n\n<p><strong>Recomendamos que fa\u00e7a a sua reserva com anteced\u00eancia para garantir as melhores tarifas, pois a disponibilidade pode ficar limitada \u00e0 medida que se aproximam as datas do evento.<\/strong><\/p>\n\n<\/div>\n<\/div>\n<!-- <\/div> -->\n<\/div>\n\n\t<\/div>\n<\/div>\n<\/div>\n\t\t\t<\/div>\n\t\t<\/section>\n\t<\/div>\n\n<\/div>","protected":false},"excerpt":{"rendered":"","protected":false},"author":1002,"featured_media":163,"parent":0,"menu_order":0,"comment_status":"closed","ping_status":"closed","template":"","meta":{"_acf_changed":false,"footnotes":""},"acf":[],"_links":{"self":[{"href":"https:\/\/fest.gimm.pt\/pt-pt\/wp-json\/wp\/v2\/pages\/164"}],"collection":[{"href":"https:\/\/fest.gimm.pt\/pt-pt\/wp-json\/wp\/v2\/pages"}],"about":[{"href":"https:\/\/fest.gimm.pt\/pt-pt\/wp-json\/wp\/v2\/types\/page"}],"author":[{"embeddable":true,"href":"https:\/\/fest.gimm.pt\/pt-pt\/wp-json\/wp\/v2\/users\/1002"}],"replies":[{"embeddable":true,"href":"https:\/\/fest.gimm.pt\/pt-pt\/wp-json\/wp\/v2\/comments?post=164"}],"version-history":[{"count":4,"href":"https:\/\/fest.gimm.pt\/pt-pt\/wp-json\/wp\/v2\/pages\/164\/revisions"}],"predecessor-version":[{"id":461,"href":"https:\/\/fest.gimm.pt\/pt-pt\/wp-json\/wp\/v2\/pages\/164\/revisions\/461"}],"wp:featuredmedia":[{"embeddable":true,"href":"https:\/\/fest.gimm.pt\/pt-pt\/wp-json\/wp\/v2\/media\/163"}],"wp:attachment":[{"href":"https:\/\/fest.gimm.pt\/pt-pt\/wp-json\/wp\/v2\/media?parent=164"}],"curies":[{"name":"wp","href":"https:\/\/api.w.org\/{rel}","templated":true}]}}