{"id":139,"date":"2026-02-05T14:55:39","date_gmt":"2026-02-05T14:55:39","guid":{"rendered":"https:\/\/fest.gimm.pt\/home\/"},"modified":"2026-04-15T16:18:43","modified_gmt":"2026-04-15T16:18:43","slug":"home","status":"publish","type":"page","link":"https:\/\/fest.gimm.pt\/pt-pt\/","title":{"rendered":"Home"},"content":{"rendered":"<div data-demo-hint=\"This is the outer wrapper in my template\" id=\"\" class=\"alignfull wp-block-gimm-slide\">\n\n\n\n\t<div class=\"container-fluid \">\n\t\t<div class=\"row\">\n\t\t\t<div class=\"col-lg-12 p-0\">\n\t\t\t\t<div id=\"block_aa04e903243cc093b47eb52ce446772c\" class=\"carousel slide carousel-fade\" data-bs-ride=\"carousel\">\n\t\t\t\t\t<div class=\"carousel-indicators\">\n\t\t\t\t\t\t\n\t\t\t\t\t\t\t\t<button type=\"button\" data-bs-target=\"#block_aa04e903243cc093b47eb52ce446772c\"\n\t\t\t\t\t\t\t\t\tdata-bs-slide-to=\"0\"\n\t\t\t\t\t\t\t\t\tclass=\"active\" aria-current=\"true\"\n\t\t\t\t\t\t\t\t\taria-label=\"Slide 1\"><\/button>\n\n\t\t\t\t\t\t\t\n\t\t\t\t\t\t\t\t<button type=\"button\" data-bs-target=\"#block_aa04e903243cc093b47eb52ce446772c\"\n\t\t\t\t\t\t\t\t\tdata-bs-slide-to=\"1\"\n\t\t\t\t\t\t\t\t\tclass=\"\" aria-current=\"true\"\n\t\t\t\t\t\t\t\t\taria-label=\"Slide 2\"><\/button>\n\n\t\t\t\t\t\t\t\t\t\t\t\t<\/div>\n\n\t\t\t\t\t\n\t\t\t\t\t<div class=\"carousel-inner\">\n\t\t\t\t\t\t\n\t\t\t\t\t\t\t\t<div style=\"width: 100%; aspect-ratio: 5\/2; object-fit: cover; background-color: #ccc\"\n\t\t\t\t\t\t\t\t\tclass=\"carousel-item active\">\n\n\n\t\t\t\t\t\t\t\t\t\n\t\t\t\t\t\t\t\t\t\n\t\t\t\t\t\t\t\t\t\t<img style=\"width: 100%; aspect-ratio: 5\/2; object-fit: cover;\"\n\t\t\t\t\t\t\t\t\t\t\tclass=\"img-fluid d-sm-block d-none \"\n\t\t\t\t\t\t\t\t\t\t\tsrc=\"https:\/\/fest.gimm.pt\/wp-content\/uploads\/sites\/25\/2026\/02\/gimm_fest-general_bg2_w_slidehomev2.jpg\" alt=\"gimm slide 1\">\n\n\t\t\t\t\t\t\t\t\t\n\n\t\t\t\t\t\t\t\t\t<img class=\"img-fluid d-block d-sm-none \"\n\t\t\t\t\t\t\t\t\t\tsrc=\"https:\/\/fest.gimm.pt\/wp-content\/uploads\/sites\/25\/2026\/02\/gimm_fest-general_bg2_w_slidehome_mobile.jpg\"\n\t\t\t\t\t\t\t\t\t\talt=\"gimm slide 1\">\n\n\n\t\t\t\t\t\t\t\t\t<div class=\"container\">\n\t\t\t\t\t\t\t\t\t\t<div class=\"carousel-caption text-end\">\n\t\t\t\t\t\t\t\t\t\t\t<h1>GIMM Festival 2026<\/h1>\n\t\t\t\t\t\t\t\t\t\t\t<p>O evento ter\u00e1 lugar em Lisboa,<br>no Pavilh\u00e3o de Portugal, de 17 a 19 de setembro de 2026.<\/p>\n\t\t\t\t\t\t\t\t\t\t\t\t\t\t\t\t\t\t\t\t\t\t\t<a href=\"\/gimmfestsite\/program\/\">Know more<\/a>\n\t\t\t\t\t\t\t\t\t\t\t\t\t\t\t\t\t\t\t\t\t<\/div>\n\t\t\t\t\t\t\t\t\t<\/div>\n\t\t\t\t\t\t\t\t<\/div>\n\t\t\t\t\t\t\t\n\t\t\t\t\t\t\t\t<div style=\"width: 100%; aspect-ratio: 5\/2; object-fit: cover; background-color: #ccc\"\n\t\t\t\t\t\t\t\t\tclass=\"carousel-item \">\n\n\n\t\t\t\t\t\t\t\t\t\t\t\t\t\t\t\t\t\t\t<video style=\"width: 100%; aspect-ratio: 5\/2; object-fit: cover;\" muted loop autoplay\n\t\t\t\t\t\t\t\t\t\t\tclass=\"d-none d-sm-block\">\n\t\t\t\t\t\t\t\t\t\t\t<source src=\"https:\/\/maquetes.yomocprojects.com\/gimmfestsite\/wp-content\/uploads\/2026\/02\/GIMMFest_Banner.mov\"\n\t\t\t\t\t\t\t\t\t\t\t\ttype=\"video\/mp4\">\n\t\t\t\t\t\t\t\t\t\t<\/video>\n\n\t\t\t\t\t\t\t\t\t\n\t\t\t\t\t\t\t\t\t\n\n\t\t\t\t\t\t\t\t\t<img class=\"img-fluid d-block d-sm-none \"\n\t\t\t\t\t\t\t\t\t\tsrc=\"\"\n\t\t\t\t\t\t\t\t\t\talt=\"gimm slide 1\">\n\n\n\t\t\t\t\t\t\t\t\t<div class=\"container\">\n\t\t\t\t\t\t\t\t\t\t<div class=\"carousel-caption text-end\">\n\t\t\t\t\t\t\t\t\t\t\t<h1>GIMM Festival 2025<\/h1>\n\t\t\t\t\t\t\t\t\t\t\t<p>Veja os melhores momentos da \u00faltima edi\u00e7\u00e3o<\/p>\n\t\t\t\t\t\t\t\t\t\t\t\t\t\t\t\t\t\t\t\t\t\t\t<a href=\"https:\/\/gimm.pt\/gimm-festival-2025\/\">Know more<\/a>\n\t\t\t\t\t\t\t\t\t\t\t\t\t\t\t\t\t\t\t\t\t<\/div>\n\t\t\t\t\t\t\t\t\t<\/div>\n\t\t\t\t\t\t\t\t<\/div>\n\t\t\t\t\t\t\t\t\t\t\t\t<\/div>\n\t\t\t\t\t\t\t\t\t\t\t<button class=\"carousel-control-prev\" type=\"button\" data-bs-target=\"#block_aa04e903243cc093b47eb52ce446772c\"\n\t\t\t\t\t\t\tdata-bs-slide=\"prev\">\n\t\t\t\t\t\t\t<span class=\"carousel-control-prev-icon\" aria-hidden=\"true\"><\/span>\n\t\t\t\t\t\t\t<span class=\"visually-hidden\">Previous<\/span>\n\t\t\t\t\t\t<\/button>\n\t\t\t\t\t\t<button class=\"carousel-control-next\" type=\"button\" data-bs-target=\"#block_aa04e903243cc093b47eb52ce446772c\"\n\t\t\t\t\t\t\tdata-bs-slide=\"next\">\n\t\t\t\t\t\t\t<span class=\"carousel-control-next-icon\" aria-hidden=\"true\"><\/span>\n\t\t\t\t\t\t\t<span class=\"visually-hidden\">Next<\/span>\n\t\t\t\t\t\t<\/button>\n\t\t\t\t\t\t\t\t\t<\/div>\n\t\t\t<\/div>\n\t\t<\/div>\n\t<\/div>\n\n<\/div>\n\n<div style=\"position: relative;\" id=\"\" class=\"alignfull\">\n\n\t\n\t\n\t<div style=\"background-color: ;\" class=\"wrapper_section pt-8 pb-8  \">\n\n\t\t<section data-name=\"Sobre\" data-id=\"sobre\" id=\"sobre\" class=\"pt-8 pb-8 \">\n\t\t\t<div class=\"container\">\n\n\n\t\t\t\t\t\t\t\t<div class=\"acf-innerblocks-container\">\n<div style=\"position: relative;\" id=\"\" >\n\n\n\t\n\t<div>\n\n\t\t<div class=\"row\">\n<!-- <div style=\"position: relative;\" id=\"\" > -->\n\n\n\n<div class=\"col-sm\">\n\t<div class=\"acf-innerblocks-container\">\n\n<div class=\"wp-block-columns is-layout-flex wp-container-core-columns-is-layout-1 wp-block-columns-is-layout-flex\">\n<div class=\"wp-block-column is-layout-flow wp-block-column-is-layout-flow\">\n<h4 class=\"wp-block-heading\"><img loading=\"lazy\" decoding=\"async\" width=\"24\" height=\"24\" class=\"wp-image-86\" style=\"width: 24px;\" src=\"http:\/\/fest.gimm.pt\/wp-content\/uploads\/sites\/25\/2026\/02\/gimm_location.png\" alt=\"\"> Datas e local<\/h4>\n\n\n\n<p>O GIMM Festival 2026 ter\u00e1 lugar em Lisboa, no Pavilh\u00e3o Portugal (<a href=\"https:\/\/maps.app.goo.gl\/8bxWSNesBZWPYCSD8\">Google Maps aqui<\/a>), de 17 a 19 de setembro de 2026.<\/p>\n\n\n\n<div style=\"height:20px\" aria-hidden=\"true\" class=\"wp-block-spacer\"><\/div>\n\n\n\n<h4 class=\"wp-block-heading\"><img loading=\"lazy\" decoding=\"async\" width=\"24\" height=\"24\" class=\"wp-image-84\" style=\"width: 24px;\" src=\"http:\/\/fest.gimm.pt\/wp-content\/uploads\/sites\/25\/2026\/02\/gimm_calendar.png\" alt=\"\"> Programa<\/h4>\n\n\n\n<p>As sess\u00f5es cient\u00edficas decorrer\u00e3o nos dias 17 e 18 de setembro, em ingl\u00eas. As sess\u00f5es realizadas no audit\u00f3rio a 19 de setembro poder\u00e3o ser realizadas em portugu\u00eas e\/ou ingl\u00eas; o idioma final de cada sess\u00e3o ser\u00e1 confirmado posteriormente.<\/p>\n\n\n\n<div style=\"height:20px\" aria-hidden=\"true\" class=\"wp-block-spacer\"><\/div>\n\n\n\n<h4 class=\"wp-block-heading\"><img loading=\"lazy\" decoding=\"async\" width=\"24\" height=\"24\" class=\"wp-image-83\" style=\"width: 24px;\" src=\"http:\/\/fest.gimm.pt\/wp-content\/uploads\/sites\/25\/2026\/02\/gimm_funds-2.png\" alt=\"\"> Financiamento<\/h4>\n\n\n\n<p>O Festival GIMM \u00e9 organizado no \u00e2mbito do <a href=\"https:\/\/care.gimm.pt\/\" target=\"_blank\" rel=\"noreferrer noopener\">GIMM CARE<\/a> (apoiado pelo programa Teaming for Excellence &#8211; Impulsionando a Investiga\u00e7\u00e3o Cl\u00ednica em Benef\u00edcio da Sociedade).<\/p>\n<\/div>\n\n\n\n<div class=\"wp-block-column is-vertically-aligned-center is-layout-flow wp-block-column-is-layout-flow\">\n<figure class=\"wp-block-image size-full\"><img decoding=\"async\" src=\"https:\/\/maquetes.yomocprojects.com\/gimmfestsite\/wp-content\/uploads\/2026\/02\/gimmfest_26_logo_b.png\" alt=\"\" class=\"wp-image-274\"\/><\/figure>\n<\/div>\n<\/div>\n\n<\/div>\n<\/div>\n<!-- <\/div> -->\n<\/div>\n\n\t<\/div>\n<\/div>\n\n<div style=\"position: relative;\" id=\"\" >\n\n\n\t\n\t<div>\n\n\t\t<div class=\"row\">\n<!-- <div style=\"position: relative;\" id=\"\" > -->\n\n\n\n<div class=\"col-sm mb-6\">\n\t<div class=\"acf-innerblocks-container\">\n\n<div class=\"wp-block-columns is-layout-flex wp-container-core-columns-is-layout-2 wp-block-columns-is-layout-flex\">\n<div class=\"wp-block-column is-layout-flow wp-block-column-is-layout-flow\"><\/div>\n\n\n\n<div class=\"wp-block-column is-vertically-aligned-center is-layout-flow wp-block-column-is-layout-flow\">\t<a target=\"_blank\" class=\"btn gimm_bt text-center full-width\"  style=\"color: #FF0066\"\n\t\thref=\"https:\/\/fest.gimm.pt\/pt-pt\/?page_id=169\">\n\t\tInscreva-se agora\t<\/a>\n\n\n<\/div>\n\n\n\n<div class=\"wp-block-column is-layout-flow wp-block-column-is-layout-flow\"><\/div>\n<\/div>\n\n<\/div>\n<\/div>\n<!-- <\/div> -->\n<\/div>\n\n\t<\/div>\n<\/div>\n\n<div style=\"position: relative;\" id=\"\" >\n\n\n\t\n\t<div>\n\n\t\t<div class=\"row\">\n<!-- <div style=\"position: relative;\" id=\"\" > -->\n\n\n\n<div class=\"col mt-4\">\n\t<div class=\"acf-innerblocks-container\">\n\n<p>O GIMM Festival \u00e9 um evento anual que se realiza em Lisboa, Portugal, que representa o esp\u00edrito de explora\u00e7\u00e3o e inova\u00e7\u00e3o da Funda\u00e7\u00e3o GIMM. Ao estabelecer uma ponte entre a ci\u00eancia e a sociedade, o festival cria uma plataforma din\u00e2mica para o di\u00e1logo, a descoberta e o envolvimento. Todos os anos, o festival centra-se num tema transformador que reflete os desafios globais mais relevantes, alinhados com a miss\u00e3o do GIMM de promover a ci\u00eancia para melhorar vidas. Em 2026, o tema ser\u00e1 <strong>Micr\u00f3bios<\/strong>.<\/p>\n\n\n\n<p>Mais do que mais um encontro entre investigadores, o GIMM Festival pretende ser um espa\u00e7o de reflex\u00e3o coletiva sobre uma \u00e1rea cient\u00edfica com profundas implica\u00e7\u00f5es sociais.<\/p>\n\n\n\n<p>O nosso objetivo \u00e9 identificar as quest\u00f5es mais cr\u00edticas ainda sem resposta e que podem orientar a descoberta, a colabora\u00e7\u00e3o e o impacto no mundo nos pr\u00f3ximos anos.<\/p>\n\n\n\n<p>Para isso, reunimos as mentes mais influentes nas ci\u00eancias biom\u00e9dicas fundamentais e aplicadas, bem como l\u00edderes de diversas \u00e1reas complementares, como ci\u00eancias sociais, artes, engenharia e sa\u00fade p\u00fablica.<\/p>\n\n\n\n<p>Ao longo de tr\u00eas dias, exploramos as quest\u00f5es cr\u00edticas do futuro &#8211; dois dias dedicados aos cientistas, culminando num \u00faltimo dia para o p\u00fablico em geral.<\/p>\n\n\n\n<p>Ao renovar o seu foco anualmente, o GIMM Festival garante uma liga\u00e7\u00e3o cont\u00ednua \u00e0s fronteiras do conhecimento, que est\u00e3o em constante evolu\u00e7\u00e3o, promovendo a sensibiliza\u00e7\u00e3o p\u00fablica e inspirando \u00e0 a\u00e7\u00e3o. Desde experi\u00eancias imersivas a debates estimulantes, \u00e9 uma celebra\u00e7\u00e3o da curiosidade e um catalisador de mudan\u00e7a.<\/p>\n\n\n\n<p><strong>Saiba mais sobre a nossa edi\u00e7\u00e3o anterior <a href=\"https:\/\/gimm.pt\/gimm-festival-2025\/\" target=\"_blank\" rel=\"noreferrer noopener\">aqui<\/a>.<\/strong><\/p>\n\n<\/div>\n<\/div>\n<!-- <\/div> -->\n<\/div>\n\n\t<\/div>\n<\/div>\n<\/div>\n\t\t\t<\/div>\n\t\t<\/section>\n\t<\/div>\n\n<\/div>\n\n<div class=\"wp-block-image\">\n<figure class=\"aligncenter size-large\"><img loading=\"lazy\" decoding=\"async\" width=\"1024\" height=\"176\" src=\"http:\/\/fest.gimm.pt\/wp-content\/uploads\/sites\/25\/2026\/02\/Barra-Logos-Website-GIMM-FEST-scaled-1-1024x176.jpg\" alt=\"\" class=\"wp-image-81\" srcset=\"https:\/\/fest.gimm.pt\/wp-content\/uploads\/sites\/25\/2026\/02\/Barra-Logos-Website-GIMM-FEST-scaled-1-1024x176.jpg 1024w, https:\/\/fest.gimm.pt\/wp-content\/uploads\/sites\/25\/2026\/02\/Barra-Logos-Website-GIMM-FEST-scaled-1-300x52.jpg 300w, https:\/\/fest.gimm.pt\/wp-content\/uploads\/sites\/25\/2026\/02\/Barra-Logos-Website-GIMM-FEST-scaled-1-768x132.jpg 768w, https:\/\/fest.gimm.pt\/wp-content\/uploads\/sites\/25\/2026\/02\/Barra-Logos-Website-GIMM-FEST-scaled-1-1536x265.jpg 1536w, https:\/\/fest.gimm.pt\/wp-content\/uploads\/sites\/25\/2026\/02\/Barra-Logos-Website-GIMM-FEST-scaled-1-2048x353.jpg 2048w\" sizes=\"(max-width: 1024px) 100vw, 1024px\" \/><\/figure><\/div>","protected":false},"excerpt":{"rendered":"","protected":false},"author":1002,"featured_media":0,"parent":0,"menu_order":0,"comment_status":"closed","ping_status":"closed","template":"","meta":{"_acf_changed":false,"footnotes":""},"acf":[],"_links":{"self":[{"href":"https:\/\/fest.gimm.pt\/pt-pt\/wp-json\/wp\/v2\/pages\/139"}],"collection":[{"href":"https:\/\/fest.gimm.pt\/pt-pt\/wp-json\/wp\/v2\/pages"}],"about":[{"href":"https:\/\/fest.gimm.pt\/pt-pt\/wp-json\/wp\/v2\/types\/page"}],"author":[{"embeddable":true,"href":"https:\/\/fest.gimm.pt\/pt-pt\/wp-json\/wp\/v2\/users\/1002"}],"replies":[{"embeddable":true,"href":"https:\/\/fest.gimm.pt\/pt-pt\/wp-json\/wp\/v2\/comments?post=139"}],"version-history":[{"count":7,"href":"https:\/\/fest.gimm.pt\/pt-pt\/wp-json\/wp\/v2\/pages\/139\/revisions"}],"predecessor-version":[{"id":222,"href":"https:\/\/fest.gimm.pt\/pt-pt\/wp-json\/wp\/v2\/pages\/139\/revisions\/222"}],"wp:attachment":[{"href":"https:\/\/fest.gimm.pt\/pt-pt\/wp-json\/wp\/v2\/media?parent=139"}],"curies":[{"name":"wp","href":"https:\/\/api.w.org\/{rel}","templated":true}]}}